{"id":1509,"date":"2022-01-26T10:25:14","date_gmt":"2022-01-26T10:25:14","guid":{"rendered":"https:\/\/paysaimables.eu\/liguria\/strada-balcon-ligurie-les-quatre-zones\/"},"modified":"2022-03-19T08:07:52","modified_gmt":"2022-03-19T08:07:52","slug":"strada-balcon-ligurie-les-quatre-zones","status":"publish","type":"page","link":"https:\/\/paysaimables.eu\/liguria\/fr\/strada-balcon-ligurie-les-quatre-zones\/","title":{"rendered":"Strada balcon Ligurie les quatre zones"},"content":{"rendered":"<p><div class=\"fusion-fullwidth fullwidth-box fusion-builder-row-1 fusion-flex-container hundred-percent-fullwidth non-hundred-percent-height-scrolling\" style=\"--awb-border-radius-top-left:0px;--awb-border-radius-top-right:0px;--awb-border-radius-bottom-right:0px;--awb-border-radius-bottom-left:0px;--awb-flex-wrap:wrap;\" ><div class=\"fusion-builder-row fusion-row fusion-flex-align-items-flex-start fusion-flex-content-wrap\" style=\"width:104% !important;max-width:104% !important;margin-left: calc(-4% \/ 2 );margin-right: calc(-4% \/ 2 );\"><div class=\"fusion-layout-column fusion_builder_column fusion-builder-column-0 fusion_builder_column_1_2 1_2 fusion-flex-column fusion-flex-align-self-center\" style=\"--awb-bg-size:cover;--awb-width-large:50%;--awb-margin-top-large:0px;--awb-spacing-right-large:3.84%;--awb-margin-bottom-large:20px;--awb-spacing-left-large:3.84%;--awb-width-medium:50%;--awb-order-medium:0;--awb-spacing-right-medium:3.84%;--awb-spacing-left-medium:3.84%;--awb-width-small:100%;--awb-order-small:0;--awb-spacing-right-small:1.92%;--awb-spacing-left-small:1.92%;\"><div class=\"fusion-column-wrapper fusion-column-has-shadow fusion-flex-justify-content-center fusion-content-layout-column\"><div class=\"fusion-title title fusion-title-1 fusion-sep-none fusion-title-text fusion-title-size-three\" style=\"--awb-text-color:#21914e;--awb-font-size:31px;\"><h3 class=\"fusion-title-heading title-heading-left fusion-responsive-typography-calculated\" style=\"margin:0;font-size:1em;--fontSize:31;line-height:1.2;\"><p><strong>ROUTE BALCON LIGURIE:<br \/>\nLES QUATRE ZONES<\/strong><\/p><\/h3><\/div><\/div><\/div><div class=\"fusion-layout-column fusion_builder_column fusion-builder-column-1 fusion_builder_column_1_2 1_2 fusion-flex-column\" style=\"--awb-bg-size:cover;--awb-width-large:50%;--awb-margin-top-large:0px;--awb-spacing-right-large:3.84%;--awb-margin-bottom-large:20px;--awb-spacing-left-large:3.84%;--awb-width-medium:50%;--awb-order-medium:0;--awb-spacing-right-medium:3.84%;--awb-spacing-left-medium:3.84%;--awb-width-small:100%;--awb-order-small:0;--awb-spacing-right-small:1.92%;--awb-spacing-left-small:1.92%;\"><div class=\"fusion-column-wrapper fusion-column-has-shadow fusion-flex-justify-content-flex-start fusion-content-layout-column\"><div class=\"fusion-image-element \" style=\"text-align:center;--awb-caption-title-font-family:var(--h2_typography-font-family);--awb-caption-title-font-weight:var(--h2_typography-font-weight);--awb-caption-title-font-style:var(--h2_typography-font-style);--awb-caption-title-size:var(--h2_typography-font-size);--awb-caption-title-transform:var(--h2_typography-text-transform);--awb-caption-title-line-height:var(--h2_typography-line-height);--awb-caption-title-letter-spacing:var(--h2_typography-letter-spacing);\"><span class=\" fusion-imageframe imageframe-none imageframe-1 hover-type-none\"><img decoding=\"async\" width=\"486\" height=\"283\" alt=\"Strada Balcony Liguria - Les quatre zones\" title=\"Mappa dei territori\" src=\"https:\/\/paysaimables.eu\/liguria\/wp-content\/uploads\/Mappa-dei-territori.png\" class=\"img-responsive wp-image-1031\" srcset=\"https:\/\/paysaimables.eu\/liguria\/wp-content\/uploads\/Mappa-dei-territori-200x116.png 200w, https:\/\/paysaimables.eu\/liguria\/wp-content\/uploads\/Mappa-dei-territori-400x233.png 400w, https:\/\/paysaimables.eu\/liguria\/wp-content\/uploads\/Mappa-dei-territori.png 486w\" sizes=\"(max-width: 640px) 100vw, 486px\" \/><\/span><\/div><\/div><\/div><\/div><\/div><div class=\"fusion-fullwidth fullwidth-box fusion-builder-row-2 fusion-flex-container hundred-percent-fullwidth non-hundred-percent-height-scrolling\" style=\"--awb-border-radius-top-left:0px;--awb-border-radius-top-right:0px;--awb-border-radius-bottom-right:0px;--awb-border-radius-bottom-left:0px;--awb-padding-top:20px;--awb-flex-wrap:wrap;\" ><div class=\"fusion-builder-row fusion-row fusion-flex-align-items-flex-start fusion-flex-content-wrap\" style=\"width:104% !important;max-width:104% !important;margin-left: calc(-4% \/ 2 );margin-right: calc(-4% \/ 2 );\"><div class=\"fusion-layout-column fusion_builder_column fusion-builder-column-2 fusion_builder_column_1_2 1_2 fusion-flex-column\" style=\"--awb-bg-size:cover;--awb-width-large:50%;--awb-margin-top-large:0px;--awb-spacing-right-large:3.84%;--awb-margin-bottom-large:20px;--awb-spacing-left-large:3.84%;--awb-width-medium:50%;--awb-order-medium:0;--awb-spacing-right-medium:3.84%;--awb-spacing-left-medium:3.84%;--awb-width-small:100%;--awb-order-small:0;--awb-spacing-right-small:1.92%;--awb-spacing-left-small:1.92%;\"><div class=\"fusion-column-wrapper fusion-column-has-shadow fusion-flex-justify-content-flex-start fusion-content-layout-column\"><div class=\"fusion-text fusion-text-1\" style=\"--awb-text-transform:none;\"><p><strong><span style=\"color: #e3c158;\">TRON\u00c7ON C\u00d4TIER entre la fronti\u00e8re fran\u00e7aise et Vintimille<\/span><\/strong><\/p>\n<p>Entr\u00e9e en Italie depuis la France, caract\u00e9ris\u00e9e par une c\u00f4te haute et d\u00e9coup\u00e9e, avec une v\u00e9g\u00e9tation exotique et m\u00e9diterran\u00e9enne, avec des plages suggestives. Les grottes pr\u00e9historiques et le mus\u00e9e <strong>Balzi Rossi<\/strong> , les <strong>jardins Hanbury<\/strong> , la plage et les <strong>villas rurales de Latte<\/strong> sont significatifs. La haute route c\u00f4ti\u00e8re atteint les noyaux de Grimaldi et Mortola Superiore, pour arriver \u00e0 l&rsquo;important centre historique de Vintimille Alta. Les cultures diversifi\u00e9es et les citernes d&rsquo;irrigation sont d\u00e9j\u00e0 visibles. \u00c0 l&rsquo;int\u00e9rieur, le village r\u00e9cup\u00e9r\u00e9 de <strong>Torri Superiore<\/strong> offre la possibilit\u00e9 d&rsquo;un tourisme durable. D&rsquo;un grand int\u00e9r\u00eat scientifique et culturel, les jardins Hanbury abritent des collections de plantes de pays lointains. Les Hanbury ont cr\u00e9\u00e9 ce jardin d&rsquo;acclimatation pour permettre aux plantes de s&rsquo;acclimater au climat de la Riviera di Ponente, puis de pouvoir les transf\u00e9rer en Angleterre.<\/p>\n<\/div><div class=\"fusion-text fusion-text-2\" style=\"--awb-text-transform:none;\"><p><strong><span style=\"color: #21914e;\">OLIVIERE D&rsquo;IMPERIESE<\/span><\/strong><\/p>\n<p>Le paysage fascinant des terrasses d&rsquo;oliviers de Taggiasca, cultiv\u00e9es en bosquets, dans les vall\u00e9es derri\u00e8re Imperia (San Lorenzo, Prino, Impero, Dianese, Cervo), avec de nombreux villages historiques int\u00e9ressants dans des positions importantes et des vues remarquables depuis les cr\u00eates. En vous \u00e9loignant de la c\u00f4te, vous vous retrouvez plong\u00e9 dans une atmosph\u00e8re tr\u00e8s suggestive, avec un r\u00e9seau de sentiers qui vous permettent de traverser les oliveraies, en remontant le long des pentes, de diff\u00e9rentes mani\u00e8res (en voiture, \u00e0 v\u00e9lo, \u00e0 pied, \u00e0 cheval ). De certains villages perch\u00e9s sur la cr\u00eate on aper\u00e7oit la mer. Le dernier village c\u00f4tier, Cervo, poss\u00e8de un centre historique perch\u00e9, avec la belle \u00e9glise de corail. Les vignobles <strong>Vermentino<\/strong> et <strong>Pigato<\/strong> offrent des vins int\u00e9ressants.<\/p>\n<\/div><\/div><\/div><div class=\"fusion-layout-column fusion_builder_column fusion-builder-column-3 fusion_builder_column_1_2 1_2 fusion-flex-column\" style=\"--awb-bg-size:cover;--awb-width-large:50%;--awb-margin-top-large:0px;--awb-spacing-right-large:3.84%;--awb-margin-bottom-large:20px;--awb-spacing-left-large:3.84%;--awb-width-medium:50%;--awb-order-medium:0;--awb-spacing-right-medium:3.84%;--awb-spacing-left-medium:3.84%;--awb-width-small:100%;--awb-order-small:0;--awb-spacing-right-small:1.92%;--awb-spacing-left-small:1.92%;\"><div class=\"fusion-column-wrapper fusion-column-has-shadow fusion-flex-justify-content-flex-start fusion-content-layout-column\"><div class=\"fusion-text fusion-text-3\" style=\"--awb-text-transform:none;\"><p><span style=\"color: #ffa6a6;\"><strong>VENTIMIGLIA &#8211; SANREMESE : mosa\u00efque de cultures<\/strong><\/span><\/p>\n<p>Le paysage vallonn\u00e9 est caract\u00e9ris\u00e9 par une <strong>mosa\u00efque diff\u00e9renci\u00e9e de cultures mara\u00eech\u00e8res et florales<\/strong> en terrasses, en transformation continue, tant dans les serres qu&rsquo;en plein champ : l\u00e9gumes, fleurs et feuillages ornementaux, agrumes et vergers, bassins d&rsquo;irrigation, basilic, c\u00e9r\u00e9ales et plantes car les fibres textiles connotent un paysage qui change rapidement.<br \/>\nDes serres \u00e0 fleurs, qui ne sont plus rentables, naissent de nouvelles activit\u00e9s int\u00e9ressantes. Dans le mus\u00e9e de la fleur de Sanremo, dans <strong>le jardin de la Villa Ormond<\/strong> , vous pourrez d\u00e9couvrir l&rsquo;histoire de la floriculture ligurienne et des hybrideurs. Entre Val Nervia et Verbone il y a des vignobles de <strong>Rossese<\/strong> . <strong>Vermentino<\/strong> trouve l&rsquo;une des zones les plus appropri\u00e9es de la r\u00e9gion de Sanremo. A Taggia, les cultures bordent l&rsquo;oliveraie (vari\u00e9t\u00e9 Taggiasca); ici le pr\u00e9cieux <strong>Moscatello di Taggia<\/strong> a \u00e9t\u00e9 red\u00e9couvert et am\u00e9lior\u00e9.<\/p>\n<\/div><div class=\"fusion-text fusion-text-4\" style=\"--awb-text-transform:none;--awb-margin-top:29px;\"><p><span style=\"color: #b3a9c2;\"><strong>MOYENNE VALL\u00c9E D&rsquo;ARROSCIA <\/strong><\/span><\/p>\n<p>Ranzo marque un passage entre la vall\u00e9e inf\u00e9rieure plus large, dans la r\u00e9gion d&rsquo;Albenganese, cultiv\u00e9e avec des vergers et des vignes, et la partie montagneuse, qui s&rsquo;\u00e9l\u00e8ve \u00e0 Pornassio et Col di Nava, dans les Alpes liguriennes, vers le Pi\u00e9mont et la France. Les oliveraies les plus hautes, d\u00e9coup\u00e9es entre les bois et les p\u00e2turages, alternent avec les vignobles, qui trouvent ici certaines des zones les plus importantes pour le <strong>Pigato<\/strong> . Au fond de la vall\u00e9e se trouve la Route du P\u00e9trole et du Vin, tandis qu&rsquo;un r\u00e9seau de sentiers sur la rive gauche atteint les hauts noyaux, le long du coteau et de la cr\u00eate, avec une vue panoramique particuli\u00e8re. Le paysage autour du village de Vessalico est caract\u00e9ris\u00e9 par la culture de l&rsquo;ail.<\/p>\n<\/div><\/div><\/div><\/div><\/div><\/p>\n","protected":false},"excerpt":{"rendered":"","protected":false},"author":1,"featured_media":0,"parent":0,"menu_order":0,"comment_status":"closed","ping_status":"closed","template":"100-width.php","meta":{"footnotes":""},"class_list":["post-1509","page","type-page","status-publish","hentry"],"yoast_head":"<!-- This site is optimized with the Yoast SEO plugin v20.2 - https:\/\/yoast.com\/wordpress\/plugins\/seo\/ -->\n<title>Strada balcon Ligurie les quatre zones - Pays Aimables<\/title>\n<meta name=\"robots\" content=\"index, follow, max-snippet:-1, max-image-preview:large, max-video-preview:-1\" \/>\n<link rel=\"canonical\" href=\"https:\/\/paysaimables.eu\/liguria\/fr\/strada-balcon-ligurie-les-quatre-zones\/\" \/>\n<meta property=\"og:locale\" content=\"fr_FR\" \/>\n<meta property=\"og:type\" content=\"article\" \/>\n<meta property=\"og:title\" content=\"Strada balcon Ligurie les quatre zones - Pays Aimables\" \/>\n<meta property=\"og:url\" content=\"https:\/\/paysaimables.eu\/liguria\/fr\/strada-balcon-ligurie-les-quatre-zones\/\" \/>\n<meta property=\"og:site_name\" content=\"Pays Aimables\" \/>\n<meta property=\"article:publisher\" content=\"https:\/\/www.facebook.com\/StradaBalconeImperia\" \/>\n<meta property=\"article:modified_time\" content=\"2022-03-19T08:07:52+00:00\" \/>\n<meta name=\"twitter:card\" content=\"summary_large_image\" \/>\n<meta name=\"twitter:label1\" content=\"Dur\u00e9e de lecture estim\u00e9e\" \/>\n\t<meta name=\"twitter:data1\" content=\"15 minutes\" \/>\n<script type=\"application\/ld+json\" class=\"yoast-schema-graph\">{\"@context\":\"https:\/\/schema.org\",\"@graph\":[{\"@type\":\"WebPage\",\"@id\":\"https:\/\/paysaimables.eu\/liguria\/fr\/strada-balcon-ligurie-les-quatre-zones\/\",\"url\":\"https:\/\/paysaimables.eu\/liguria\/fr\/strada-balcon-ligurie-les-quatre-zones\/\",\"name\":\"Strada balcon Ligurie les quatre zones - Pays Aimables\",\"isPartOf\":{\"@id\":\"https:\/\/paysaimables.eu\/liguria\/fr\/#website\"},\"datePublished\":\"2022-01-26T10:25:14+00:00\",\"dateModified\":\"2022-03-19T08:07:52+00:00\",\"breadcrumb\":{\"@id\":\"https:\/\/paysaimables.eu\/liguria\/fr\/strada-balcon-ligurie-les-quatre-zones\/#breadcrumb\"},\"inLanguage\":\"fr-FR\",\"potentialAction\":[{\"@type\":\"ReadAction\",\"target\":[\"https:\/\/paysaimables.eu\/liguria\/fr\/strada-balcon-ligurie-les-quatre-zones\/\"]}]},{\"@type\":\"BreadcrumbList\",\"@id\":\"https:\/\/paysaimables.eu\/liguria\/fr\/strada-balcon-ligurie-les-quatre-zones\/#breadcrumb\",\"itemListElement\":[{\"@type\":\"ListItem\",\"position\":1,\"name\":\"Home\",\"item\":\"https:\/\/paysaimables.eu\/liguria\/fr\/\"},{\"@type\":\"ListItem\",\"position\":2,\"name\":\"Strada balcon Ligurie les quatre zones\"}]},{\"@type\":\"WebSite\",\"@id\":\"https:\/\/paysaimables.eu\/liguria\/fr\/#website\",\"url\":\"https:\/\/paysaimables.eu\/liguria\/fr\/\",\"name\":\"Pays Aimables\",\"description\":\"Strada balcone Liguria\",\"publisher\":{\"@id\":\"https:\/\/paysaimables.eu\/liguria\/fr\/#organization\"},\"potentialAction\":[{\"@type\":\"SearchAction\",\"target\":{\"@type\":\"EntryPoint\",\"urlTemplate\":\"https:\/\/paysaimables.eu\/liguria\/fr\/?s={search_term_string}\"},\"query-input\":\"required name=search_term_string\"}],\"inLanguage\":\"fr-FR\"},{\"@type\":\"Organization\",\"@id\":\"https:\/\/paysaimables.eu\/liguria\/fr\/#organization\",\"name\":\"Pays Aimables\",\"url\":\"https:\/\/paysaimables.eu\/liguria\/fr\/\",\"logo\":{\"@type\":\"ImageObject\",\"inLanguage\":\"fr-FR\",\"@id\":\"https:\/\/paysaimables.eu\/liguria\/fr\/#\/schema\/logo\/image\/\",\"url\":\"https:\/\/paysaimables.eu\/liguria\/wp-content\/uploads\/PAYSSAGES-pays-aimables.jpg\",\"contentUrl\":\"https:\/\/paysaimables.eu\/liguria\/wp-content\/uploads\/PAYSSAGES-pays-aimables.jpg\",\"width\":392,\"height\":160,\"caption\":\"Pays Aimables\"},\"image\":{\"@id\":\"https:\/\/paysaimables.eu\/liguria\/fr\/#\/schema\/logo\/image\/\"},\"sameAs\":[\"https:\/\/www.facebook.com\/StradaBalconeImperia\"]}]}<\/script>\n<!-- \/ Yoast SEO plugin. -->","yoast_head_json":{"title":"Strada balcon Ligurie les quatre zones - Pays Aimables","robots":{"index":"index","follow":"follow","max-snippet":"max-snippet:-1","max-image-preview":"max-image-preview:large","max-video-preview":"max-video-preview:-1"},"canonical":"https:\/\/paysaimables.eu\/liguria\/fr\/strada-balcon-ligurie-les-quatre-zones\/","og_locale":"fr_FR","og_type":"article","og_title":"Strada balcon Ligurie les quatre zones - Pays Aimables","og_url":"https:\/\/paysaimables.eu\/liguria\/fr\/strada-balcon-ligurie-les-quatre-zones\/","og_site_name":"Pays Aimables","article_publisher":"https:\/\/www.facebook.com\/StradaBalconeImperia","article_modified_time":"2022-03-19T08:07:52+00:00","twitter_card":"summary_large_image","twitter_misc":{"Dur\u00e9e de lecture estim\u00e9e":"15 minutes"},"schema":{"@context":"https:\/\/schema.org","@graph":[{"@type":"WebPage","@id":"https:\/\/paysaimables.eu\/liguria\/fr\/strada-balcon-ligurie-les-quatre-zones\/","url":"https:\/\/paysaimables.eu\/liguria\/fr\/strada-balcon-ligurie-les-quatre-zones\/","name":"Strada balcon Ligurie les quatre zones - Pays Aimables","isPartOf":{"@id":"https:\/\/paysaimables.eu\/liguria\/fr\/#website"},"datePublished":"2022-01-26T10:25:14+00:00","dateModified":"2022-03-19T08:07:52+00:00","breadcrumb":{"@id":"https:\/\/paysaimables.eu\/liguria\/fr\/strada-balcon-ligurie-les-quatre-zones\/#breadcrumb"},"inLanguage":"fr-FR","potentialAction":[{"@type":"ReadAction","target":["https:\/\/paysaimables.eu\/liguria\/fr\/strada-balcon-ligurie-les-quatre-zones\/"]}]},{"@type":"BreadcrumbList","@id":"https:\/\/paysaimables.eu\/liguria\/fr\/strada-balcon-ligurie-les-quatre-zones\/#breadcrumb","itemListElement":[{"@type":"ListItem","position":1,"name":"Home","item":"https:\/\/paysaimables.eu\/liguria\/fr\/"},{"@type":"ListItem","position":2,"name":"Strada balcon Ligurie les quatre zones"}]},{"@type":"WebSite","@id":"https:\/\/paysaimables.eu\/liguria\/fr\/#website","url":"https:\/\/paysaimables.eu\/liguria\/fr\/","name":"Pays Aimables","description":"Strada balcone Liguria","publisher":{"@id":"https:\/\/paysaimables.eu\/liguria\/fr\/#organization"},"potentialAction":[{"@type":"SearchAction","target":{"@type":"EntryPoint","urlTemplate":"https:\/\/paysaimables.eu\/liguria\/fr\/?s={search_term_string}"},"query-input":"required name=search_term_string"}],"inLanguage":"fr-FR"},{"@type":"Organization","@id":"https:\/\/paysaimables.eu\/liguria\/fr\/#organization","name":"Pays Aimables","url":"https:\/\/paysaimables.eu\/liguria\/fr\/","logo":{"@type":"ImageObject","inLanguage":"fr-FR","@id":"https:\/\/paysaimables.eu\/liguria\/fr\/#\/schema\/logo\/image\/","url":"https:\/\/paysaimables.eu\/liguria\/wp-content\/uploads\/PAYSSAGES-pays-aimables.jpg","contentUrl":"https:\/\/paysaimables.eu\/liguria\/wp-content\/uploads\/PAYSSAGES-pays-aimables.jpg","width":392,"height":160,"caption":"Pays Aimables"},"image":{"@id":"https:\/\/paysaimables.eu\/liguria\/fr\/#\/schema\/logo\/image\/"},"sameAs":["https:\/\/www.facebook.com\/StradaBalconeImperia"]}]}},"_links":{"self":[{"href":"https:\/\/paysaimables.eu\/liguria\/fr\/wp-json\/wp\/v2\/pages\/1509","targetHints":{"allow":["GET"]}}],"collection":[{"href":"https:\/\/paysaimables.eu\/liguria\/fr\/wp-json\/wp\/v2\/pages"}],"about":[{"href":"https:\/\/paysaimables.eu\/liguria\/fr\/wp-json\/wp\/v2\/types\/page"}],"author":[{"embeddable":true,"href":"https:\/\/paysaimables.eu\/liguria\/fr\/wp-json\/wp\/v2\/users\/1"}],"replies":[{"embeddable":true,"href":"https:\/\/paysaimables.eu\/liguria\/fr\/wp-json\/wp\/v2\/comments?post=1509"}],"version-history":[{"count":6,"href":"https:\/\/paysaimables.eu\/liguria\/fr\/wp-json\/wp\/v2\/pages\/1509\/revisions"}],"predecessor-version":[{"id":1716,"href":"https:\/\/paysaimables.eu\/liguria\/fr\/wp-json\/wp\/v2\/pages\/1509\/revisions\/1716"}],"wp:attachment":[{"href":"https:\/\/paysaimables.eu\/liguria\/fr\/wp-json\/wp\/v2\/media?parent=1509"}],"curies":[{"name":"wp","href":"https:\/\/api.w.org\/{rel}","templated":true}]}}