{"id":1403,"date":"2021-10-27T04:43:44","date_gmt":"2021-10-27T04:43:44","guid":{"rendered":"https:\/\/paysaimables.eu\/liguria\/pour-les-entreprises\/"},"modified":"2021-11-10T07:28:47","modified_gmt":"2021-11-10T07:28:47","slug":"pour-les-entreprises","status":"publish","type":"page","link":"https:\/\/paysaimables.eu\/liguria\/fr\/pour-les-entreprises\/","title":{"rendered":"Pour les entreprises"},"content":{"rendered":"<div class=\"fusion-fullwidth fullwidth-box fusion-builder-row-1 fusion-flex-container nonhundred-percent-fullwidth non-hundred-percent-height-scrolling\" style=\"--awb-border-radius-top-left:0px;--awb-border-radius-top-right:0px;--awb-border-radius-bottom-right:0px;--awb-border-radius-bottom-left:0px;--awb-flex-wrap:wrap;\" ><div class=\"fusion-builder-row fusion-row fusion-flex-align-items-flex-start fusion-flex-content-wrap\" style=\"max-width:1664px;margin-left: calc(-4% \/ 2 );margin-right: calc(-4% \/ 2 );\"><div class=\"fusion-layout-column fusion_builder_column fusion-builder-column-0 fusion_builder_column_1_1 1_1 fusion-flex-column\" style=\"--awb-bg-size:cover;--awb-width-large:100%;--awb-margin-top-large:0px;--awb-spacing-right-large:1.92%;--awb-margin-bottom-large:20px;--awb-spacing-left-large:1.92%;--awb-width-medium:100%;--awb-order-medium:0;--awb-spacing-right-medium:1.92%;--awb-spacing-left-medium:1.92%;--awb-width-small:100%;--awb-order-small:0;--awb-spacing-right-small:1.92%;--awb-spacing-left-small:1.92%;\"><div class=\"fusion-column-wrapper fusion-column-has-shadow fusion-flex-justify-content-flex-start fusion-content-layout-column\"><div class=\"fusion-text fusion-text-1\" style=\"--awb-text-transform:none;\"><p>Dans le cadre du projet europ\u00e9en \u00a0\u00bb <strong>Pays Aimables<\/strong> \u00ab\u00a0, la Chambre de Commerce de la Rivi\u00e8re de Ligurie (partenaire du Projet) a cr\u00e9\u00e9 un <span style=\"text-decoration: underline;\"><strong><a href=\"https:\/\/paysaimables.eu\/liguria\/wp-content\/uploads\/Pays-Aimables-Liguria_r.pdf\" target=\"_blank\" rel=\"noopener\">livre num\u00e9rique<\/a><\/strong><\/span> connect\u00e9 \u00e0 ce portail interactif, dans le but de promouvoir le territoire et ses excellences, \u00e0 partir de mise en valeur du paysage.<\/p>\n<p><img decoding=\"async\" class=\"wp-image-503 alignleft\" src=\"https:\/\/paysaimables.eu\/liguria\/wp-content\/uploads\/Mappa-balconi.jpg\" alt=\"Plan du balcon\" width=\"606\" height=\"303\" srcset=\"https:\/\/paysaimables.eu\/liguria\/wp-content\/uploads\/Mappa-balconi-200x100.jpg 200w, https:\/\/paysaimables.eu\/liguria\/wp-content\/uploads\/Mappa-balconi-400x200.jpg 400w, https:\/\/paysaimables.eu\/liguria\/wp-content\/uploads\/Mappa-balconi-600x300.jpg 600w, https:\/\/paysaimables.eu\/liguria\/wp-content\/uploads\/Mappa-balconi-768x385.jpg 768w, https:\/\/paysaimables.eu\/liguria\/wp-content\/uploads\/Mappa-balconi-800x401.jpg 800w, https:\/\/paysaimables.eu\/liguria\/wp-content\/uploads\/Mappa-balconi-1200x601.jpg 1200w, https:\/\/paysaimables.eu\/liguria\/wp-content\/uploads\/Mappa-balconi.jpg 1396w\" sizes=\"(max-width: 606px) 100vw, 606px\" \/><strong>Le territoire se raconte le long d&rsquo;une \u00ab\u00a0CHEMIN DU BALCON\u00a0\u00bb<\/strong> qui voit sept points panoramiques comme protagonistes, s\u00e9lectionn\u00e9s \u00e0 la suite d&rsquo;une \u00e9tude de l&rsquo;Universit\u00e9 de G\u00eanes, pour valoriser et faire conna\u00eetre des lieux fascinants mais parfois encore m\u00e9connus.<\/p>\n<p>Ils voulaient en cr\u00e9er un<strong> outil innovant, dynamique et interactif :<\/strong> pour chaque balcon, il y a une page du livre qui d\u00e9crit bri\u00e8vement le paysage, li\u00e9e \u00e0 une section interactive de ce portail WEB. Le portail proposera des cartes interactives avec des liens vers Google Maps, o\u00f9 le touriste trouvera les activit\u00e9s de la r\u00e9gion, qu&rsquo;elles soient culturelles, touristiques ou \u00e9conomiques.<\/p>\n<p>Ce Livre et son portail seront mis en \u0153uvre en trois langues (italien, anglais et fran\u00e7ais).<\/p>\n<p>Une vaste campagne de communication est pr\u00e9vue dans le but de promouvoir le projet \u00ab\u00a0<strong> Pays Aimables<\/strong>\u00a0\u00bb au niveau r\u00e9gional, national et international.<\/p>\n<p>Nous sollicitons votre collaboration pour rendre ce nouvel outil toujours plus riche en informations et en actualit\u00e9s, utile pour attirer les touristes dans notre belle r\u00e9gion. Les entreprises peuvent s&rsquo;inscrire gratuitement au service<strong><a href=\"https:\/\/www.google.com\/intl\/it_it\/business\/\" target=\"_blank\" rel=\"noopener\">\u00ab\u00a0<span style=\"text-decoration: underline;\"> Google My Business<\/span> \u00ab\u00a0<\/a><\/strong> afin d&rsquo;\u00eatre visible sur Google maps, \u00e9galement connect\u00e9 depuis ce portail. Google My Business est un outil gratuit et facile \u00e0 utiliser qui permet aux entreprises et aux organisations de g\u00e9rer leur pr\u00e9sence en ligne sur Google, y compris la recherche et Maps. Gr\u00e2ce \u00e0 ce service, vous avez la possibilit\u00e9 de pr\u00e9senter votre entreprise sur Internet, gratuitement, avec localisation, informations, contacts et images, offrant aux touristes exactement ce qu&rsquo;ils cherchaient.<\/p>\n<\/div><\/div><\/div><\/div><\/div>\n","protected":false},"excerpt":{"rendered":"","protected":false},"author":1,"featured_media":0,"parent":0,"menu_order":0,"comment_status":"closed","ping_status":"closed","template":"100-width.php","meta":{"footnotes":""},"class_list":["post-1403","page","type-page","status-publish","hentry"],"yoast_head":"<!-- This site is optimized with the Yoast SEO plugin v20.2 - https:\/\/yoast.com\/wordpress\/plugins\/seo\/ -->\n<title>Pour les entreprises - Pays Aimables<\/title>\n<meta name=\"robots\" content=\"index, follow, max-snippet:-1, max-image-preview:large, max-video-preview:-1\" \/>\n<link rel=\"canonical\" href=\"https:\/\/paysaimables.eu\/liguria\/fr\/pour-les-entreprises\/\" \/>\n<meta property=\"og:locale\" content=\"fr_FR\" \/>\n<meta property=\"og:type\" content=\"article\" \/>\n<meta property=\"og:title\" content=\"Pour les entreprises - Pays Aimables\" \/>\n<meta property=\"og:url\" content=\"https:\/\/paysaimables.eu\/liguria\/fr\/pour-les-entreprises\/\" \/>\n<meta property=\"og:site_name\" content=\"Pays Aimables\" \/>\n<meta property=\"article:publisher\" content=\"https:\/\/www.facebook.com\/StradaBalconeImperia\" \/>\n<meta property=\"article:modified_time\" content=\"2021-11-10T07:28:47+00:00\" \/>\n<meta property=\"og:image\" content=\"https:\/\/paysaimables.eu\/liguria\/wp-content\/uploads\/Mappa-balconi.jpg\" \/>\n<meta name=\"twitter:card\" content=\"summary_large_image\" \/>\n<meta name=\"twitter:label1\" content=\"Dur\u00e9e de lecture estim\u00e9e\" \/>\n\t<meta name=\"twitter:data1\" content=\"5 minutes\" \/>\n<script type=\"application\/ld+json\" class=\"yoast-schema-graph\">{\"@context\":\"https:\/\/schema.org\",\"@graph\":[{\"@type\":\"WebPage\",\"@id\":\"https:\/\/paysaimables.eu\/liguria\/fr\/pour-les-entreprises\/\",\"url\":\"https:\/\/paysaimables.eu\/liguria\/fr\/pour-les-entreprises\/\",\"name\":\"Pour les entreprises - Pays Aimables\",\"isPartOf\":{\"@id\":\"https:\/\/paysaimables.eu\/liguria\/fr\/#website\"},\"datePublished\":\"2021-10-27T04:43:44+00:00\",\"dateModified\":\"2021-11-10T07:28:47+00:00\",\"breadcrumb\":{\"@id\":\"https:\/\/paysaimables.eu\/liguria\/fr\/pour-les-entreprises\/#breadcrumb\"},\"inLanguage\":\"fr-FR\",\"potentialAction\":[{\"@type\":\"ReadAction\",\"target\":[\"https:\/\/paysaimables.eu\/liguria\/fr\/pour-les-entreprises\/\"]}]},{\"@type\":\"BreadcrumbList\",\"@id\":\"https:\/\/paysaimables.eu\/liguria\/fr\/pour-les-entreprises\/#breadcrumb\",\"itemListElement\":[{\"@type\":\"ListItem\",\"position\":1,\"name\":\"Home\",\"item\":\"https:\/\/paysaimables.eu\/liguria\/fr\/\"},{\"@type\":\"ListItem\",\"position\":2,\"name\":\"Pour les entreprises\"}]},{\"@type\":\"WebSite\",\"@id\":\"https:\/\/paysaimables.eu\/liguria\/fr\/#website\",\"url\":\"https:\/\/paysaimables.eu\/liguria\/fr\/\",\"name\":\"Pays Aimables\",\"description\":\"Strada balcone Liguria\",\"publisher\":{\"@id\":\"https:\/\/paysaimables.eu\/liguria\/fr\/#organization\"},\"potentialAction\":[{\"@type\":\"SearchAction\",\"target\":{\"@type\":\"EntryPoint\",\"urlTemplate\":\"https:\/\/paysaimables.eu\/liguria\/fr\/?s={search_term_string}\"},\"query-input\":\"required name=search_term_string\"}],\"inLanguage\":\"fr-FR\"},{\"@type\":\"Organization\",\"@id\":\"https:\/\/paysaimables.eu\/liguria\/fr\/#organization\",\"name\":\"Pays Aimables\",\"url\":\"https:\/\/paysaimables.eu\/liguria\/fr\/\",\"logo\":{\"@type\":\"ImageObject\",\"inLanguage\":\"fr-FR\",\"@id\":\"https:\/\/paysaimables.eu\/liguria\/fr\/#\/schema\/logo\/image\/\",\"url\":\"https:\/\/paysaimables.eu\/liguria\/wp-content\/uploads\/PAYSSAGES-pays-aimables.jpg\",\"contentUrl\":\"https:\/\/paysaimables.eu\/liguria\/wp-content\/uploads\/PAYSSAGES-pays-aimables.jpg\",\"width\":392,\"height\":160,\"caption\":\"Pays Aimables\"},\"image\":{\"@id\":\"https:\/\/paysaimables.eu\/liguria\/fr\/#\/schema\/logo\/image\/\"},\"sameAs\":[\"https:\/\/www.facebook.com\/StradaBalconeImperia\"]}]}<\/script>\n<!-- \/ Yoast SEO plugin. -->","yoast_head_json":{"title":"Pour les entreprises - Pays Aimables","robots":{"index":"index","follow":"follow","max-snippet":"max-snippet:-1","max-image-preview":"max-image-preview:large","max-video-preview":"max-video-preview:-1"},"canonical":"https:\/\/paysaimables.eu\/liguria\/fr\/pour-les-entreprises\/","og_locale":"fr_FR","og_type":"article","og_title":"Pour les entreprises - Pays Aimables","og_url":"https:\/\/paysaimables.eu\/liguria\/fr\/pour-les-entreprises\/","og_site_name":"Pays Aimables","article_publisher":"https:\/\/www.facebook.com\/StradaBalconeImperia","article_modified_time":"2021-11-10T07:28:47+00:00","og_image":[{"url":"https:\/\/paysaimables.eu\/liguria\/wp-content\/uploads\/Mappa-balconi.jpg"}],"twitter_card":"summary_large_image","twitter_misc":{"Dur\u00e9e de lecture estim\u00e9e":"5 minutes"},"schema":{"@context":"https:\/\/schema.org","@graph":[{"@type":"WebPage","@id":"https:\/\/paysaimables.eu\/liguria\/fr\/pour-les-entreprises\/","url":"https:\/\/paysaimables.eu\/liguria\/fr\/pour-les-entreprises\/","name":"Pour les entreprises - Pays Aimables","isPartOf":{"@id":"https:\/\/paysaimables.eu\/liguria\/fr\/#website"},"datePublished":"2021-10-27T04:43:44+00:00","dateModified":"2021-11-10T07:28:47+00:00","breadcrumb":{"@id":"https:\/\/paysaimables.eu\/liguria\/fr\/pour-les-entreprises\/#breadcrumb"},"inLanguage":"fr-FR","potentialAction":[{"@type":"ReadAction","target":["https:\/\/paysaimables.eu\/liguria\/fr\/pour-les-entreprises\/"]}]},{"@type":"BreadcrumbList","@id":"https:\/\/paysaimables.eu\/liguria\/fr\/pour-les-entreprises\/#breadcrumb","itemListElement":[{"@type":"ListItem","position":1,"name":"Home","item":"https:\/\/paysaimables.eu\/liguria\/fr\/"},{"@type":"ListItem","position":2,"name":"Pour les entreprises"}]},{"@type":"WebSite","@id":"https:\/\/paysaimables.eu\/liguria\/fr\/#website","url":"https:\/\/paysaimables.eu\/liguria\/fr\/","name":"Pays Aimables","description":"Strada balcone Liguria","publisher":{"@id":"https:\/\/paysaimables.eu\/liguria\/fr\/#organization"},"potentialAction":[{"@type":"SearchAction","target":{"@type":"EntryPoint","urlTemplate":"https:\/\/paysaimables.eu\/liguria\/fr\/?s={search_term_string}"},"query-input":"required name=search_term_string"}],"inLanguage":"fr-FR"},{"@type":"Organization","@id":"https:\/\/paysaimables.eu\/liguria\/fr\/#organization","name":"Pays Aimables","url":"https:\/\/paysaimables.eu\/liguria\/fr\/","logo":{"@type":"ImageObject","inLanguage":"fr-FR","@id":"https:\/\/paysaimables.eu\/liguria\/fr\/#\/schema\/logo\/image\/","url":"https:\/\/paysaimables.eu\/liguria\/wp-content\/uploads\/PAYSSAGES-pays-aimables.jpg","contentUrl":"https:\/\/paysaimables.eu\/liguria\/wp-content\/uploads\/PAYSSAGES-pays-aimables.jpg","width":392,"height":160,"caption":"Pays Aimables"},"image":{"@id":"https:\/\/paysaimables.eu\/liguria\/fr\/#\/schema\/logo\/image\/"},"sameAs":["https:\/\/www.facebook.com\/StradaBalconeImperia"]}]}},"_links":{"self":[{"href":"https:\/\/paysaimables.eu\/liguria\/fr\/wp-json\/wp\/v2\/pages\/1403","targetHints":{"allow":["GET"]}}],"collection":[{"href":"https:\/\/paysaimables.eu\/liguria\/fr\/wp-json\/wp\/v2\/pages"}],"about":[{"href":"https:\/\/paysaimables.eu\/liguria\/fr\/wp-json\/wp\/v2\/types\/page"}],"author":[{"embeddable":true,"href":"https:\/\/paysaimables.eu\/liguria\/fr\/wp-json\/wp\/v2\/users\/1"}],"replies":[{"embeddable":true,"href":"https:\/\/paysaimables.eu\/liguria\/fr\/wp-json\/wp\/v2\/comments?post=1403"}],"version-history":[{"count":1,"href":"https:\/\/paysaimables.eu\/liguria\/fr\/wp-json\/wp\/v2\/pages\/1403\/revisions"}],"predecessor-version":[{"id":1447,"href":"https:\/\/paysaimables.eu\/liguria\/fr\/wp-json\/wp\/v2\/pages\/1403\/revisions\/1447"}],"wp:attachment":[{"href":"https:\/\/paysaimables.eu\/liguria\/fr\/wp-json\/wp\/v2\/media?parent=1403"}],"curies":[{"name":"wp","href":"https:\/\/api.w.org\/{rel}","templated":true}]}}