{"id":3127,"date":"2022-07-17T06:16:44","date_gmt":"2022-07-17T06:16:44","guid":{"rendered":"https:\/\/paysaimables.eu\/?page_id=3127"},"modified":"2022-08-08T18:11:05","modified_gmt":"2022-08-08T18:11:05","slug":"pays-aimables-liguria-piemonte","status":"publish","type":"page","link":"https:\/\/paysaimables.eu\/fr\/","title":{"rendered":"Pays Aimables Liguria Piemonte"},"content":{"rendered":"<div class=\"fusion-fullwidth fullwidth-box fusion-builder-row-1 fusion-flex-container has-pattern-background has-mask-background nonhundred-percent-fullwidth non-hundred-percent-height-scrolling\" style=\"--awb-border-radius-top-left:0px;--awb-border-radius-top-right:0px;--awb-border-radius-bottom-right:0px;--awb-border-radius-bottom-left:0px;--awb-flex-wrap:wrap;\" ><div class=\"fusion-builder-row fusion-row fusion-flex-align-items-flex-start fusion-flex-content-wrap\" style=\"max-width:1664px;margin-left: calc(-4% \/ 2 );margin-right: calc(-4% \/ 2 );\"><div class=\"fusion-layout-column fusion_builder_column fusion-builder-column-0 fusion_builder_column_1_6 1_6 fusion-flex-column\" style=\"--awb-bg-size:cover;--awb-width-large:16.666666666667%;--awb-margin-top-large:0px;--awb-spacing-right-large:11.52%;--awb-margin-bottom-large:20px;--awb-spacing-left-large:11.52%;--awb-width-medium:16.666666666667%;--awb-order-medium:0;--awb-spacing-right-medium:11.52%;--awb-spacing-left-medium:11.52%;--awb-width-small:100%;--awb-order-small:0;--awb-spacing-right-small:1.92%;--awb-spacing-left-small:1.92%;\"><div class=\"fusion-column-wrapper fusion-column-has-shadow fusion-flex-justify-content-flex-start fusion-content-layout-column\"><\/div><\/div><div class=\"fusion-layout-column fusion_builder_column fusion-builder-column-1 fusion_builder_column_1_3 1_3 fusion-flex-column\" style=\"--awb-bg-size:cover;--awb-width-large:33.333333333333%;--awb-margin-top-large:0px;--awb-spacing-right-large:5.76%;--awb-margin-bottom-large:20px;--awb-spacing-left-large:5.76%;--awb-width-medium:33.333333333333%;--awb-order-medium:0;--awb-spacing-right-medium:5.76%;--awb-spacing-left-medium:5.76%;--awb-width-small:100%;--awb-order-small:0;--awb-spacing-right-small:1.92%;--awb-spacing-left-small:1.92%;\"><div class=\"fusion-column-wrapper fusion-column-has-shadow fusion-flex-justify-content-flex-start fusion-content-layout-column\"><div class=\"fusion-image-element \" style=\"text-align:center;--awb-max-width:500px;--awb-caption-title-font-family:var(--h2_typography-font-family);--awb-caption-title-font-weight:var(--h2_typography-font-weight);--awb-caption-title-font-style:var(--h2_typography-font-style);--awb-caption-title-size:var(--h2_typography-font-size);--awb-caption-title-transform:var(--h2_typography-text-transform);--awb-caption-title-line-height:var(--h2_typography-line-height);--awb-caption-title-letter-spacing:var(--h2_typography-letter-spacing);\"><span class=\" fusion-imageframe imageframe-none imageframe-1 hover-type-zoomin\" style=\"border:5px solid #21914e;border-radius:10px;\"><a class=\"fusion-no-lightbox\" href=\"https:\/\/paysaimables.eu\/liguria\/fr\/\" target=\"_self\" aria-label=\"Strada balcone Liguria FR\"><img decoding=\"async\" width=\"500\" height=\"438\" alt=\"Strada balcone Liguria FR\" src=\"https:\/\/paysaimables.eu\/wp-content\/uploads\/Strada-balcone-Liguria_FR_2.jpg\" class=\"img-responsive wp-image-3143\" srcset=\"https:\/\/paysaimables.eu\/wp-content\/uploads\/Strada-balcone-Liguria_FR_2-200x175.jpg 200w, https:\/\/paysaimables.eu\/wp-content\/uploads\/Strada-balcone-Liguria_FR_2-400x350.jpg 400w, https:\/\/paysaimables.eu\/wp-content\/uploads\/Strada-balcone-Liguria_FR_2.jpg 500w\" sizes=\"(max-width: 640px) 100vw, 500px\" \/><\/a><\/span><\/div><\/div><\/div><div class=\"fusion-layout-column fusion_builder_column fusion-builder-column-2 fusion_builder_column_1_3 1_3 fusion-flex-column\" style=\"--awb-bg-size:cover;--awb-width-large:33.333333333333%;--awb-margin-top-large:0px;--awb-spacing-right-large:5.76%;--awb-margin-bottom-large:20px;--awb-spacing-left-large:5.76%;--awb-width-medium:33.333333333333%;--awb-order-medium:0;--awb-spacing-right-medium:5.76%;--awb-spacing-left-medium:5.76%;--awb-width-small:100%;--awb-order-small:0;--awb-spacing-right-small:1.92%;--awb-spacing-left-small:1.92%;\"><div class=\"fusion-column-wrapper fusion-column-has-shadow fusion-flex-justify-content-flex-start fusion-content-layout-column\"><div class=\"fusion-image-element \" style=\"text-align:center;--awb-max-width:500px;--awb-caption-title-font-family:var(--h2_typography-font-family);--awb-caption-title-font-weight:var(--h2_typography-font-weight);--awb-caption-title-font-style:var(--h2_typography-font-style);--awb-caption-title-size:var(--h2_typography-font-size);--awb-caption-title-transform:var(--h2_typography-text-transform);--awb-caption-title-line-height:var(--h2_typography-line-height);--awb-caption-title-letter-spacing:var(--h2_typography-letter-spacing);\"><span class=\" fusion-imageframe imageframe-none imageframe-2 hover-type-zoomin\" style=\"border:5px solid #e75d12;border-radius:10px;\"><a class=\"fusion-no-lightbox\" href=\"https:\/\/paysaimables.eu\/piemonte\/fr\/\" target=\"_self\" aria-label=\"Strada balcone Piemont\"><img decoding=\"async\" width=\"500\" height=\"438\" alt=\"Strada balcone Piemont\" src=\"https:\/\/paysaimables.eu\/wp-content\/uploads\/Strada-balcone-Piemont_S2.jpg\" class=\"img-responsive wp-image-3130\" srcset=\"https:\/\/paysaimables.eu\/wp-content\/uploads\/Strada-balcone-Piemont_S2-200x175.jpg 200w, https:\/\/paysaimables.eu\/wp-content\/uploads\/Strada-balcone-Piemont_S2-400x350.jpg 400w, https:\/\/paysaimables.eu\/wp-content\/uploads\/Strada-balcone-Piemont_S2.jpg 500w\" sizes=\"(max-width: 640px) 100vw, 500px\" \/><\/a><\/span><\/div><\/div><\/div><div class=\"fusion-layout-column fusion_builder_column fusion-builder-column-3 fusion_builder_column_1_6 1_6 fusion-flex-column\" style=\"--awb-bg-size:cover;--awb-width-large:16.666666666667%;--awb-margin-top-large:0px;--awb-spacing-right-large:11.52%;--awb-margin-bottom-large:20px;--awb-spacing-left-large:11.52%;--awb-width-medium:16.666666666667%;--awb-order-medium:0;--awb-spacing-right-medium:11.52%;--awb-spacing-left-medium:11.52%;--awb-width-small:100%;--awb-order-small:0;--awb-spacing-right-small:1.92%;--awb-spacing-left-small:1.92%;\"><div class=\"fusion-column-wrapper fusion-column-has-shadow fusion-flex-justify-content-flex-start fusion-content-layout-column\"><\/div><\/div><\/div><\/div>\n","protected":false},"excerpt":{"rendered":"","protected":false},"author":1,"featured_media":0,"parent":0,"menu_order":0,"comment_status":"closed","ping_status":"closed","template":"","meta":{"footnotes":""},"class_list":["post-3127","page","type-page","status-publish","hentry"],"yoast_head":"<!-- This site is optimized with the Yoast SEO plugin v20.2 - https:\/\/yoast.com\/wordpress\/plugins\/seo\/ -->\n<title>Paysaimables - Paysages \u00e0 aimer Ligurie et Pi\u00e9mont<\/title>\n<meta name=\"description\" content=\"Paysaimables: les paysages de la Ligurie et du Pi\u00e9mont avec des &quot;routes en balcon&quot; innovantes, des cartes interactives et du multim\u00e9dia.\" \/>\n<meta name=\"robots\" content=\"index, follow, max-snippet:-1, max-image-preview:large, max-video-preview:-1\" \/>\n<link rel=\"canonical\" href=\"https:\/\/paysaimables.eu\/fr\/\" \/>\n<meta property=\"og:locale\" content=\"fr_FR\" \/>\n<meta property=\"og:type\" content=\"article\" \/>\n<meta property=\"og:title\" content=\"Paysaimables - Paysages \u00e0 aimer Ligurie et Pi\u00e9mont\" \/>\n<meta property=\"og:description\" content=\"Paysaimables: les paysages de la Ligurie et du Pi\u00e9mont avec des &quot;routes en balcon&quot; innovantes, des cartes interactives et du multim\u00e9dia.\" \/>\n<meta property=\"og:url\" content=\"https:\/\/paysaimables.eu\/fr\/\" \/>\n<meta property=\"og:site_name\" content=\"Pays Aimables\" \/>\n<meta property=\"article:publisher\" content=\"https:\/\/www.facebook.com\/StradaBalconeImperia\" \/>\n<meta property=\"article:modified_time\" content=\"2022-08-08T18:11:05+00:00\" \/>\n<meta name=\"twitter:card\" content=\"summary_large_image\" \/>\n<meta name=\"twitter:label1\" content=\"Dur\u00e9e de lecture estim\u00e9e\" \/>\n\t<meta name=\"twitter:data1\" content=\"10 minutes\" \/>\n<script type=\"application\/ld+json\" class=\"yoast-schema-graph\">{\"@context\":\"https:\/\/schema.org\",\"@graph\":[{\"@type\":\"WebPage\",\"@id\":\"https:\/\/paysaimables.eu\/fr\/\",\"url\":\"https:\/\/paysaimables.eu\/fr\/\",\"name\":\"Paysaimables - Paysages \u00e0 aimer Ligurie et Pi\u00e9mont\",\"isPartOf\":{\"@id\":\"https:\/\/paysaimables.eu\/fr\/#website\"},\"datePublished\":\"2022-07-17T06:16:44+00:00\",\"dateModified\":\"2022-08-08T18:11:05+00:00\",\"description\":\"Paysaimables: les paysages de la Ligurie et du Pi\u00e9mont avec des \\\"routes en balcon\\\" innovantes, des cartes interactives et du multim\u00e9dia.\",\"breadcrumb\":{\"@id\":\"https:\/\/paysaimables.eu\/fr\/#breadcrumb\"},\"inLanguage\":\"fr-FR\",\"potentialAction\":[{\"@type\":\"ReadAction\",\"target\":[\"https:\/\/paysaimables.eu\/fr\/\"]}]},{\"@type\":\"BreadcrumbList\",\"@id\":\"https:\/\/paysaimables.eu\/fr\/#breadcrumb\",\"itemListElement\":[{\"@type\":\"ListItem\",\"position\":1,\"name\":\"Home\",\"item\":\"https:\/\/paysaimables.eu\/fr\/\"},{\"@type\":\"ListItem\",\"position\":2,\"name\":\"Pays Aimables Liguria Piemonte\"}]},{\"@type\":\"WebSite\",\"@id\":\"https:\/\/paysaimables.eu\/fr\/#website\",\"url\":\"https:\/\/paysaimables.eu\/fr\/\",\"name\":\"Pays Aimables\",\"description\":\"Strada balcone Liguria\",\"publisher\":{\"@id\":\"https:\/\/paysaimables.eu\/fr\/#organization\"},\"potentialAction\":[{\"@type\":\"SearchAction\",\"target\":{\"@type\":\"EntryPoint\",\"urlTemplate\":\"https:\/\/paysaimables.eu\/fr\/?s={search_term_string}\"},\"query-input\":\"required name=search_term_string\"}],\"inLanguage\":\"fr-FR\"},{\"@type\":\"Organization\",\"@id\":\"https:\/\/paysaimables.eu\/fr\/#organization\",\"name\":\"Pays Aimables\",\"url\":\"https:\/\/paysaimables.eu\/fr\/\",\"logo\":{\"@type\":\"ImageObject\",\"inLanguage\":\"fr-FR\",\"@id\":\"https:\/\/paysaimables.eu\/fr\/#\/schema\/logo\/image\/\",\"url\":\"https:\/\/paysaimables.eu\/wp-content\/uploads\/PAYSSAGES-pays-aimables.jpg\",\"contentUrl\":\"https:\/\/paysaimables.eu\/wp-content\/uploads\/PAYSSAGES-pays-aimables.jpg\",\"width\":392,\"height\":160,\"caption\":\"Pays Aimables\"},\"image\":{\"@id\":\"https:\/\/paysaimables.eu\/fr\/#\/schema\/logo\/image\/\"},\"sameAs\":[\"https:\/\/www.facebook.com\/StradaBalconeImperia\"]}]}<\/script>\n<!-- \/ Yoast SEO plugin. -->","yoast_head_json":{"title":"Paysaimables - Paysages \u00e0 aimer Ligurie et Pi\u00e9mont","description":"Paysaimables: les paysages de la Ligurie et du Pi\u00e9mont avec des \"routes en balcon\" innovantes, des cartes interactives et du multim\u00e9dia.","robots":{"index":"index","follow":"follow","max-snippet":"max-snippet:-1","max-image-preview":"max-image-preview:large","max-video-preview":"max-video-preview:-1"},"canonical":"https:\/\/paysaimables.eu\/fr\/","og_locale":"fr_FR","og_type":"article","og_title":"Paysaimables - Paysages \u00e0 aimer Ligurie et Pi\u00e9mont","og_description":"Paysaimables: les paysages de la Ligurie et du Pi\u00e9mont avec des \"routes en balcon\" innovantes, des cartes interactives et du multim\u00e9dia.","og_url":"https:\/\/paysaimables.eu\/fr\/","og_site_name":"Pays Aimables","article_publisher":"https:\/\/www.facebook.com\/StradaBalconeImperia","article_modified_time":"2022-08-08T18:11:05+00:00","twitter_card":"summary_large_image","twitter_misc":{"Dur\u00e9e de lecture estim\u00e9e":"10 minutes"},"schema":{"@context":"https:\/\/schema.org","@graph":[{"@type":"WebPage","@id":"https:\/\/paysaimables.eu\/fr\/","url":"https:\/\/paysaimables.eu\/fr\/","name":"Paysaimables - Paysages \u00e0 aimer Ligurie et Pi\u00e9mont","isPartOf":{"@id":"https:\/\/paysaimables.eu\/fr\/#website"},"datePublished":"2022-07-17T06:16:44+00:00","dateModified":"2022-08-08T18:11:05+00:00","description":"Paysaimables: les paysages de la Ligurie et du Pi\u00e9mont avec des \"routes en balcon\" innovantes, des cartes interactives et du multim\u00e9dia.","breadcrumb":{"@id":"https:\/\/paysaimables.eu\/fr\/#breadcrumb"},"inLanguage":"fr-FR","potentialAction":[{"@type":"ReadAction","target":["https:\/\/paysaimables.eu\/fr\/"]}]},{"@type":"BreadcrumbList","@id":"https:\/\/paysaimables.eu\/fr\/#breadcrumb","itemListElement":[{"@type":"ListItem","position":1,"name":"Home","item":"https:\/\/paysaimables.eu\/fr\/"},{"@type":"ListItem","position":2,"name":"Pays Aimables Liguria Piemonte"}]},{"@type":"WebSite","@id":"https:\/\/paysaimables.eu\/fr\/#website","url":"https:\/\/paysaimables.eu\/fr\/","name":"Pays Aimables","description":"Strada balcone Liguria","publisher":{"@id":"https:\/\/paysaimables.eu\/fr\/#organization"},"potentialAction":[{"@type":"SearchAction","target":{"@type":"EntryPoint","urlTemplate":"https:\/\/paysaimables.eu\/fr\/?s={search_term_string}"},"query-input":"required name=search_term_string"}],"inLanguage":"fr-FR"},{"@type":"Organization","@id":"https:\/\/paysaimables.eu\/fr\/#organization","name":"Pays Aimables","url":"https:\/\/paysaimables.eu\/fr\/","logo":{"@type":"ImageObject","inLanguage":"fr-FR","@id":"https:\/\/paysaimables.eu\/fr\/#\/schema\/logo\/image\/","url":"https:\/\/paysaimables.eu\/wp-content\/uploads\/PAYSSAGES-pays-aimables.jpg","contentUrl":"https:\/\/paysaimables.eu\/wp-content\/uploads\/PAYSSAGES-pays-aimables.jpg","width":392,"height":160,"caption":"Pays Aimables"},"image":{"@id":"https:\/\/paysaimables.eu\/fr\/#\/schema\/logo\/image\/"},"sameAs":["https:\/\/www.facebook.com\/StradaBalconeImperia"]}]}},"_links":{"self":[{"href":"https:\/\/paysaimables.eu\/fr\/wp-json\/wp\/v2\/pages\/3127","targetHints":{"allow":["GET"]}}],"collection":[{"href":"https:\/\/paysaimables.eu\/fr\/wp-json\/wp\/v2\/pages"}],"about":[{"href":"https:\/\/paysaimables.eu\/fr\/wp-json\/wp\/v2\/types\/page"}],"author":[{"embeddable":true,"href":"https:\/\/paysaimables.eu\/fr\/wp-json\/wp\/v2\/users\/1"}],"replies":[{"embeddable":true,"href":"https:\/\/paysaimables.eu\/fr\/wp-json\/wp\/v2\/comments?post=3127"}],"version-history":[{"count":10,"href":"https:\/\/paysaimables.eu\/fr\/wp-json\/wp\/v2\/pages\/3127\/revisions"}],"predecessor-version":[{"id":3174,"href":"https:\/\/paysaimables.eu\/fr\/wp-json\/wp\/v2\/pages\/3127\/revisions\/3174"}],"wp:attachment":[{"href":"https:\/\/paysaimables.eu\/fr\/wp-json\/wp\/v2\/media?parent=3127"}],"curies":[{"name":"wp","href":"https:\/\/api.w.org\/{rel}","templated":true}]}}